{"id":233,"date":"2025-09-02T20:34:14","date_gmt":"2025-09-02T20:34:14","guid":{"rendered":"https:\/\/dr-kradjian-maurice.chirurgiens-dentistes.fr\/?page_id=233"},"modified":"2025-09-10T05:06:44","modified_gmt":"2025-09-10T05:06:44","slug":"faq","status":"publish","type":"page","link":"https:\/\/dr-kradjian-maurice.chirurgiens-dentistes.fr\/index.php\/faq\/","title":{"rendered":"FAQ"},"content":{"rendered":"\t\t<div data-elementor-type=\"wp-page\" data-elementor-id=\"233\" class=\"elementor elementor-233\">\n\t\t\t\t\t\t<section class=\"elementor-section elementor-top-section elementor-element elementor-element-652cadd6 elementor-section-boxed elementor-section-height-default elementor-section-height-default\" data-id=\"652cadd6\" data-element_type=\"section\">\n\t\t\t\t\t\t<div class=\"elementor-container elementor-column-gap-default\">\n\t\t\t\t\t<div class=\"elementor-column elementor-col-100 elementor-top-column elementor-element elementor-element-7d75d7c5\" data-id=\"7d75d7c5\" data-element_type=\"column\">\n\t\t\t<div class=\"elementor-widget-wrap elementor-element-populated\">\n\t\t\t\t\t\t<div class=\"elementor-element elementor-element-3b47aec1 elementor-widget elementor-widget-heading\" data-id=\"3b47aec1\" data-element_type=\"widget\" data-widget_type=\"heading.default\">\n\t\t\t\t\t<h2 class=\"elementor-heading-title elementor-size-default\">Questions fr\u00e9quentes<\/h2>\t\t\t\t<\/div>\n\t\t\t\t\t<\/div>\n\t\t<\/div>\n\t\t\t\t\t<\/div>\n\t\t<\/section>\n\t\t\t\t<section class=\"elementor-section elementor-top-section elementor-element elementor-element-52d63624 elementor-section-boxed elementor-section-height-default elementor-section-height-default\" data-id=\"52d63624\" data-element_type=\"section\">\n\t\t\t\t\t\t<div class=\"elementor-container elementor-column-gap-default\">\n\t\t\t\t\t<div class=\"elementor-column elementor-col-100 elementor-top-column elementor-element elementor-element-18b854ab\" data-id=\"18b854ab\" data-element_type=\"column\">\n\t\t\t<div class=\"elementor-widget-wrap elementor-element-populated\">\n\t\t\t\t\t\t<div class=\"elementor-element elementor-element-fc5f60f elementor-widget elementor-widget-heading\" data-id=\"fc5f60f\" data-element_type=\"widget\" data-widget_type=\"heading.default\">\n\t\t\t\t\t<h2 class=\"elementor-heading-title elementor-size-default\">Soins dentaires<\/h2>\t\t\t\t<\/div>\n\t\t\t\t<div class=\"elementor-element elementor-element-7fa82358 elementor-widget elementor-widget-text-editor\" data-id=\"7fa82358\" data-element_type=\"widget\" data-widget_type=\"text-editor.default\">\n\t\t\t\t\t\t\t\t\t<p><b>Est-ce que les soins dentaires sont douloureux ?<\/b><br \/>La plupart des soins dentaires sont r\u00e9alis\u00e9s sous anesth\u00e9sie locale et sont indolores.<\/p><p><b>\u00c0 quelle fr\u00e9quence faut-il faire un d\u00e9tartrage ?<\/b><br \/>Un d\u00e9tartrage est recommand\u00e9 une fois par an, voire deux fois si besoin.<\/p><p><b>Puis-je venir en cas d\u2019urgence ?<\/b><br \/>En nous contactant, notre assistante fera tout son possible pour accueillir les urgences dentaires de notre patient\u00e8le.<\/p><div style=\"width: 1280px;\" class=\"wp-video\"><video class=\"wp-video-shortcode\" id=\"video-233-1\" width=\"1280\" height=\"720\" preload=\"metadata\" controls=\"controls\"><source type=\"video\/mp4\" src=\"https:\/\/dr-kradjian-maurice.chirurgiens-dentistes.fr\/wp-content\/uploads\/2025\/09\/Video-MGC-Prevention-UFSBD-Quand-doit-on-consulter-un-dentiste.mp4?_=1\" \/><a href=\"https:\/\/dr-kradjian-maurice.chirurgiens-dentistes.fr\/wp-content\/uploads\/2025\/09\/Video-MGC-Prevention-UFSBD-Quand-doit-on-consulter-un-dentiste.mp4\">https:\/\/dr-kradjian-maurice.chirurgiens-dentistes.fr\/wp-content\/uploads\/2025\/09\/Video-MGC-Prevention-UFSBD-Quand-doit-on-consulter-un-dentiste.mp4<\/a><\/video><\/div>\t\t\t\t\t\t\t\t<\/div>\n\t\t\t\t\t<\/div>\n\t\t<\/div>\n\t\t\t\t\t<\/div>\n\t\t<\/section>\n\t\t\t\t<section class=\"elementor-section elementor-top-section elementor-element elementor-element-508363a9 elementor-section-boxed elementor-section-height-default elementor-section-height-default\" data-id=\"508363a9\" data-element_type=\"section\">\n\t\t\t\t\t\t<div class=\"elementor-container elementor-column-gap-default\">\n\t\t\t\t\t<div class=\"elementor-column elementor-col-100 elementor-top-column elementor-element elementor-element-7788e03a\" data-id=\"7788e03a\" data-element_type=\"column\">\n\t\t\t<div class=\"elementor-widget-wrap elementor-element-populated\">\n\t\t\t\t\t\t<div class=\"elementor-element elementor-element-7969c771 elementor-widget elementor-widget-heading\" data-id=\"7969c771\" data-element_type=\"widget\" data-widget_type=\"heading.default\">\n\t\t\t\t\t<h2 class=\"elementor-heading-title elementor-size-default\">Proth\u00e8ses dentaires<\/h2>\t\t\t\t<\/div>\n\t\t\t\t<div class=\"elementor-element elementor-element-4ae53598 elementor-widget elementor-widget-text-editor\" data-id=\"4ae53598\" data-element_type=\"widget\" data-widget_type=\"text-editor.default\">\n\t\t\t\t\t\t\t\t\t<b>Combien de temps dure une proth\u00e8se ?<\/b><br>La dur\u00e9e de vie varie entre 5 et 15 ans selon le type, l\u2019entretien et l\u2019hygi\u00e8ne.<br><br><b>Les proth\u00e8ses sont-elles rembours\u00e9es ?<\/b><br>Oui, certaines sont prises en charge totalement ou partiellement par la S\u00e9curit\u00e9 Sociale. Un devis est toujours remis avant traitement.<br><br><b>Quelle est la diff\u00e9rence entre un bridge et un implant ?<\/b><br>Un bridge repose sur les dents voisines, un implant est fix\u00e9 directement dans l\u2019os de la m\u00e2choire.\t\t\t\t\t\t\t\t<\/div>\n\t\t\t\t\t<\/div>\n\t\t<\/div>\n\t\t\t\t\t<\/div>\n\t\t<\/section>\n\t\t\t\t<section class=\"elementor-section elementor-top-section elementor-element elementor-element-769e6b1c elementor-section-boxed elementor-section-height-default elementor-section-height-default\" data-id=\"769e6b1c\" data-element_type=\"section\">\n\t\t\t\t\t\t<div class=\"elementor-container elementor-column-gap-default\">\n\t\t\t\t\t<div class=\"elementor-column elementor-col-100 elementor-top-column elementor-element elementor-element-41fdd78f\" data-id=\"41fdd78f\" data-element_type=\"column\">\n\t\t\t<div class=\"elementor-widget-wrap elementor-element-populated\">\n\t\t\t\t\t\t<div class=\"elementor-element elementor-element-27515472 elementor-widget elementor-widget-heading\" data-id=\"27515472\" data-element_type=\"widget\" data-widget_type=\"heading.default\">\n\t\t\t\t\t<h2 class=\"elementor-heading-title elementor-size-default\">Implantologie<\/h2>\t\t\t\t<\/div>\n\t\t\t\t<div class=\"elementor-element elementor-element-5b7050a2 elementor-widget elementor-widget-text-editor\" data-id=\"5b7050a2\" data-element_type=\"widget\" data-widget_type=\"text-editor.default\">\n\t\t\t\t\t\t\t\t\t<b>La pose d\u2019un implant est-elle douloureuse ?<\/b><br>La pose est r\u00e9alis\u00e9e sous anesth\u00e9sie locale et est g\u00e9n\u00e9ralement indolore.<br><br><b>Combien de temps dure un implant ?<\/b><br>Un implant peut durer plus de 15 ans, parfois toute la vie avec une bonne hygi\u00e8ne.<br><br><b>Quel est le taux de r\u00e9ussite ?<\/b><br>Le taux de succ\u00e8s d\u00e9passe 95 % lorsque toutes les conditions sont r\u00e9unies.\t\t\t\t\t\t\t\t<\/div>\n\t\t\t\t\t<\/div>\n\t\t<\/div>\n\t\t\t\t\t<\/div>\n\t\t<\/section>\n\t\t\t\t<section class=\"elementor-section elementor-top-section elementor-element elementor-element-2946f49e elementor-section-boxed elementor-section-height-default elementor-section-height-default\" data-id=\"2946f49e\" data-element_type=\"section\" data-settings=\"{&quot;background_background&quot;:&quot;classic&quot;}\">\n\t\t\t\t\t\t<div class=\"elementor-container elementor-column-gap-default\">\n\t\t\t\t\t<div class=\"elementor-column elementor-col-100 elementor-top-column elementor-element elementor-element-16f36e2e\" data-id=\"16f36e2e\" data-element_type=\"column\">\n\t\t\t<div class=\"elementor-widget-wrap elementor-element-populated\">\n\t\t\t\t\t\t<div class=\"elementor-element elementor-element-49aee882 elementor-widget elementor-widget-heading\" data-id=\"49aee882\" data-element_type=\"widget\" data-widget_type=\"heading.default\">\n\t\t\t\t\t<h2 class=\"elementor-heading-title elementor-size-default\">Vous avez encore des questions ?<\/h2>\t\t\t\t<\/div>\n\t\t\t\t<div class=\"elementor-element elementor-element-60a7f127 elementor-widget elementor-widget-text-editor\" data-id=\"60a7f127\" data-element_type=\"widget\" data-widget_type=\"text-editor.default\">\n\t\t\t\t\t\t\t\t\tNotre \u00e9quipe est \u00e0 votre disposition pour r\u00e9pondre \u00e0 toutes vos interrogations et vous accompagner dans vos soins dentaires.\t\t\t\t\t\t\t\t<\/div>\n\t\t\t\t<div class=\"elementor-element elementor-element-40bd11f9 elementor-align-center elementor-widget elementor-widget-button\" data-id=\"40bd11f9\" data-element_type=\"widget\" data-widget_type=\"button.default\">\n\t\t\t\t\t\t\t\t\t\t<a class=\"elementor-button elementor-button-link elementor-size-sm\" href=\"https:\/\/dr-kradjian-maurice.chirurgiens-dentistes.fr\/index.php\/contact\/\">\n\t\t\t\t\t\t<span class=\"elementor-button-content-wrapper\">\n\t\t\t\t\t\t\t\t\t<span class=\"elementor-button-text\">Contactez-nous<\/span>\n\t\t\t\t\t<\/span>\n\t\t\t\t\t<\/a>\n\t\t\t\t\t\t\t\t<\/div>\n\t\t\t\t\t<\/div>\n\t\t<\/div>\n\t\t\t\t\t<\/div>\n\t\t<\/section>\n\t\t\t\t<\/div>\n\t\t","protected":false},"excerpt":{"rendered":"<p>Questions fr\u00e9quentes Soins dentaires Est-ce que les soins dentaires sont douloureux ?La plupart des soins dentaires sont r\u00e9alis\u00e9s sous anesth\u00e9sie [&hellip;]<\/p>\n","protected":false},"author":1,"featured_media":0,"parent":0,"menu_order":0,"comment_status":"closed","ping_status":"closed","template":"","meta":{"site-sidebar-layout":"default","site-content-layout":"","ast-site-content-layout":"default","site-content-style":"default","site-sidebar-style":"default","ast-global-header-display":"","ast-banner-title-visibility":"","ast-main-header-display":"","ast-hfb-above-header-display":"","ast-hfb-below-header-display":"","ast-hfb-mobile-header-display":"","site-post-title":"","ast-breadcrumbs-content":"","ast-featured-img":"","footer-sml-layout":"","theme-transparent-header-meta":"","adv-header-id-meta":"","stick-header-meta":"","header-above-stick-meta":"","header-main-stick-meta":"","header-below-stick-meta":"","astra-migrate-meta-layouts":"default","ast-page-background-enabled":"default","ast-page-background-meta":{"desktop":{"background-color":"var(--ast-global-color-5)","background-image":"","background-repeat":"repeat","background-position":"center center","background-size":"auto","background-attachment":"scroll","background-type":"","background-media":"","overlay-type":"","overlay-color":"","overlay-opacity":"","overlay-gradient":""},"tablet":{"background-color":"","background-image":"","background-repeat":"repeat","background-position":"center center","background-size":"auto","background-attachment":"scroll","background-type":"","background-media":"","overlay-type":"","overlay-color":"","overlay-opacity":"","overlay-gradient":""},"mobile":{"background-color":"","background-image":"","background-repeat":"repeat","background-position":"center center","background-size":"auto","background-attachment":"scroll","background-type":"","background-media":"","overlay-type":"","overlay-color":"","overlay-opacity":"","overlay-gradient":""}},"ast-content-background-meta":{"desktop":{"background-color":"var(--ast-global-color-4)","background-image":"","background-repeat":"repeat","background-position":"center center","background-size":"auto","background-attachment":"scroll","background-type":"","background-media":"","overlay-type":"","overlay-color":"","overlay-opacity":"","overlay-gradient":""},"tablet":{"background-color":"var(--ast-global-color-4)","background-image":"","background-repeat":"repeat","background-position":"center center","background-size":"auto","background-attachment":"scroll","background-type":"","background-media":"","overlay-type":"","overlay-color":"","overlay-opacity":"","overlay-gradient":""},"mobile":{"background-color":"var(--ast-global-color-4)","background-image":"","background-repeat":"repeat","background-position":"center center","background-size":"auto","background-attachment":"scroll","background-type":"","background-media":"","overlay-type":"","overlay-color":"","overlay-opacity":"","overlay-gradient":""}},"footnotes":""},"class_list":["post-233","page","type-page","status-publish","hentry"],"_links":{"self":[{"href":"https:\/\/dr-kradjian-maurice.chirurgiens-dentistes.fr\/index.php\/wp-json\/wp\/v2\/pages\/233","targetHints":{"allow":["GET"]}}],"collection":[{"href":"https:\/\/dr-kradjian-maurice.chirurgiens-dentistes.fr\/index.php\/wp-json\/wp\/v2\/pages"}],"about":[{"href":"https:\/\/dr-kradjian-maurice.chirurgiens-dentistes.fr\/index.php\/wp-json\/wp\/v2\/types\/page"}],"author":[{"embeddable":true,"href":"https:\/\/dr-kradjian-maurice.chirurgiens-dentistes.fr\/index.php\/wp-json\/wp\/v2\/users\/1"}],"replies":[{"embeddable":true,"href":"https:\/\/dr-kradjian-maurice.chirurgiens-dentistes.fr\/index.php\/wp-json\/wp\/v2\/comments?post=233"}],"version-history":[{"count":19,"href":"https:\/\/dr-kradjian-maurice.chirurgiens-dentistes.fr\/index.php\/wp-json\/wp\/v2\/pages\/233\/revisions"}],"predecessor-version":[{"id":479,"href":"https:\/\/dr-kradjian-maurice.chirurgiens-dentistes.fr\/index.php\/wp-json\/wp\/v2\/pages\/233\/revisions\/479"}],"wp:attachment":[{"href":"https:\/\/dr-kradjian-maurice.chirurgiens-dentistes.fr\/index.php\/wp-json\/wp\/v2\/media?parent=233"}],"curies":[{"name":"wp","href":"https:\/\/api.w.org\/{rel}","templated":true}]}}